{"id":18,"date":"2025-04-29T11:55:52","date_gmt":"2025-04-29T09:55:52","guid":{"rendered":"https:\/\/neomade.fr\/?page_id=18"},"modified":"2025-05-16T12:33:49","modified_gmt":"2025-05-16T10:33:49","slug":"agence","status":"publish","type":"page","link":"https:\/\/neomade.fr\/index.php\/agence\/","title":{"rendered":"AGENCE"},"content":{"rendered":"\n<div class=\"wp-block-columns is-layout-flex wp-container-core-columns-is-layout-28f84493 wp-block-columns-is-layout-flex\">\n<div class=\"wp-block-column is-layout-flow wp-block-column-is-layout-flow\" style=\"flex-basis:50%\">\n<p><\/p>\n\n\n\n<p><\/p>\n\n\n\n<h2 class=\"wp-block-heading\"><strong>Ariane Micard <\/strong><\/h2>\n\n\n\n<p>Associ\u00e9e et g\u00e9rante de Neomade<\/p>\n\n\n\n<p><\/p>\n\n\n\n<p><em><strong>Architecte HMONP<\/strong> &#8211;<\/em><strong><em> Ing\u00e9nieur B\u00e2timent<\/em> <\/strong><em>ENSA et l&rsquo;INSA de Lyon avec sp\u00e9cialisation dans la conception bioclimatique et durable<\/em><\/p>\n\n\n\n<figure class=\"wp-block-image\"><img fetchpriority=\"high\" decoding=\"async\" width=\"683\" height=\"1024\" src=\"http:\/\/neomade.fr\/wp-content\/uploads\/2025\/04\/DUNAMIS_005-683x1024.jpg\" alt=\"\" class=\"wp-image-115\" srcset=\"https:\/\/neomade.fr\/wp-content\/uploads\/2025\/04\/DUNAMIS_005-683x1024.jpg 683w, https:\/\/neomade.fr\/wp-content\/uploads\/2025\/04\/DUNAMIS_005-200x300.jpg 200w, https:\/\/neomade.fr\/wp-content\/uploads\/2025\/04\/DUNAMIS_005-768x1152.jpg 768w, https:\/\/neomade.fr\/wp-content\/uploads\/2025\/04\/DUNAMIS_005-1024x1536.jpg 1024w, https:\/\/neomade.fr\/wp-content\/uploads\/2025\/04\/DUNAMIS_005-1365x2048.jpg 1365w, https:\/\/neomade.fr\/wp-content\/uploads\/2025\/04\/DUNAMIS_005-scaled.jpg 1707w\" sizes=\"(max-width: 683px) 100vw, 683px\" \/><\/figure>\n\n\n\n<details class=\"wp-block-details is-layout-flow wp-block-details-is-layout-flow\"><summary><strong>Curriculum Vitae<\/strong><br><\/summary>\n<ul class=\"wp-block-list\">\n<li><strong>2025<\/strong> cr\u00e9ation de Neomade<br><strong>24-25<\/strong> charg\u00e9e de projet au sein du P\u00f4le architecture de Dunamis Hospitality <em>\/ h\u00f4tellerie-restauration<\/em><br><strong>22-23<\/strong> charg\u00e9e de projet chez Maurer et Gilbert <em>\/ logement social<\/em><br><strong>21-22<\/strong> assistante de projet chez YMA \/ <em>r\u00e9novation lourde d&rsquo;immeubles de bureaux<\/em><br><strong>19-20<\/strong> premi\u00e8res exp\u00e9riences chez Bruno Huet (49) et AACL (75) \/ <em>maison individuelle, Stade, am\u00e9nagement int\u00e9rieur<\/em><br><strong>14-18<\/strong> Double-cursus \u00e0 L&rsquo;ENSA et l&rsquo;INSA de Lyon avec sp\u00e9cialisation dans la conception bioclimatique et durable<\/li>\n<\/ul>\n<\/details>\n<\/div>\n\n\n\n<div class=\"wp-block-column is-layout-flow wp-block-column-is-layout-flow\">\n<div class=\"wp-block-columns is-layout-flex wp-container-core-columns-is-layout-28f84493 wp-block-columns-is-layout-flex\">\n<div class=\"wp-block-column is-layout-flow wp-block-column-is-layout-flow\"><\/div>\n\n\n\n<div class=\"wp-block-column is-layout-flow wp-block-column-is-layout-flow\"><\/div>\n<\/div>\n<\/div>\n\n\n\n<div class=\"wp-block-column is-layout-flow wp-block-column-is-layout-flow\" style=\"flex-basis:50%\">\n<p><\/p>\n\n\n\n<p><\/p>\n\n\n\n<p>Architecte par passion pour l&rsquo;architecture et les m\u00e9tiers de la cr\u00e9ation mais aussi par conviction citoyenne et \u00e9cologique, <\/p>\n\n\n\n<p>Ariane s&rsquo;attache \u00e0 dessiner des projets \u00e9l\u00e9gants, pratiques et respectueux de l&rsquo;environnement. Elle travaille avec l&rsquo;envie de s&rsquo;impliquer dans la transformation du secteur du b\u00e2timent afin de faire face aux probl\u00e9matiques de notre temps. <\/p>\n\n\n\n<p>Ses dipl\u00f4mes d&rsquo;architecte HMONP et d&rsquo;ing\u00e9nieur b\u00e2timent  l&rsquo;ont dot\u00e9s de comp\u00e9tences artistiques et techniques vari\u00e9es et lui ont permis de se sp\u00e9cialiser dans la conception de b\u00e2timents durables, adaptables et contextualis\u00e9s. <\/p>\n\n\n\n<p> 5 ans d&rsquo;exp\u00e9riences dans diff\u00e9rentes agences d&rsquo;architectures lui ont ensuite permis de se doter d&rsquo;une solide exp\u00e9rience professionnelle dans la gestion de projet vari\u00e9s allant du logement aux \u00e9quipements publics, en r\u00e9novation et construction neuve. <\/p>\n<\/div>\n<\/div>\n\n\n\n<div class=\"wp-block-columns is-layout-flex wp-container-core-columns-is-layout-28f84493 wp-block-columns-is-layout-flex\">\n<div class=\"wp-block-column is-layout-flow wp-block-column-is-layout-flow\" style=\"flex-basis:50%\">\n<hr class=\"wp-block-separator has-alpha-channel-opacity\"\/>\n\n\n\n<p><\/p>\n\n\n\n<h2 class=\"wp-block-heading\"><strong>Antoine Boull\u00e9<\/strong><\/h2>\n\n\n\n<p>Associ\u00e9 et g\u00e9rant de Neomade<\/p>\n\n\n\n<p><\/p>\n\n\n\n<p><em><strong>Porteur d&rsquo;affaires<\/strong><\/em> <\/p>\n\n\n\n<figure class=\"wp-block-image size-large\"><img decoding=\"async\" width=\"683\" height=\"1024\" src=\"http:\/\/neomade.fr\/wp-content\/uploads\/2025\/04\/antoine-image-683x1024.jpg\" alt=\"\" class=\"wp-image-118\" srcset=\"https:\/\/neomade.fr\/wp-content\/uploads\/2025\/04\/antoine-image-683x1024.jpg 683w, https:\/\/neomade.fr\/wp-content\/uploads\/2025\/04\/antoine-image-200x300.jpg 200w, https:\/\/neomade.fr\/wp-content\/uploads\/2025\/04\/antoine-image-768x1152.jpg 768w, https:\/\/neomade.fr\/wp-content\/uploads\/2025\/04\/antoine-image-1024x1536.jpg 1024w, https:\/\/neomade.fr\/wp-content\/uploads\/2025\/04\/antoine-image-1366x2048.jpg 1366w, https:\/\/neomade.fr\/wp-content\/uploads\/2025\/04\/antoine-image.jpg 1707w\" sizes=\"(max-width: 683px) 100vw, 683px\" \/><\/figure>\n<\/div>\n\n\n\n<div class=\"wp-block-column is-layout-flow wp-block-column-is-layout-flow\">\n<div class=\"wp-block-columns is-layout-flex wp-container-core-columns-is-layout-28f84493 wp-block-columns-is-layout-flex\">\n<div class=\"wp-block-column is-layout-flow wp-block-column-is-layout-flow\"><\/div>\n\n\n\n<div class=\"wp-block-column is-layout-flow wp-block-column-is-layout-flow\"><\/div>\n<\/div>\n<\/div>\n\n\n\n<div class=\"wp-block-column is-layout-flow wp-block-column-is-layout-flow\" style=\"flex-basis:50%\">\n<p><\/p>\n\n\n\n<p><\/p>\n\n\n\n<p>Antoine Boull\u00e9 est le  porteur d&rsquo;affaire de Neomade gr\u00e2ce \u00e0 son influence dans le secteur de l&rsquo;entreprenariat rennais. Il est aussi un partenaire de travail et apporte un soutien juridique, technique et financier avec son groupe Dunamis Hospitality dont il est le fondateur et Pr\u00e9sident. <\/p>\n\n\n\n<p>Avec un parcours 100% breton, il a fait ses premiers pas au lyc\u00e9e h\u00f4telier de La Guerche-de-Bretagne, dans la ville de son enfance. Une ann\u00e9e \u00e0 l&rsquo;\u00e9tranger puis  un poste de directeur d\u2019un \u00e9tablissement rennais, lui permet de perfectionner ses comp\u00e9tences. <\/p>\n\n\n\n<p>Il se lance ensuite, avec une volont\u00e9 ind\u00e9fectible de cr\u00e9er et d\u2019entreprendre, dans la direction et gestion d&rsquo;h\u00f4tel avec une premi\u00e8re acquisition (l\u2019H\u00f4tel l\u2019Ortega) puis la fondation du Groupe Dunamis Hospitality la soci\u00e9t\u00e9 d\u2019investissement et de gestion h\u00f4teli\u00e8re<\/p>\n<\/div>\n<\/div>\n\n\n\n<figure class=\"wp-block-pullquote\"><blockquote><p>Nos collaborateurs chez Dunamis Hospitality : <\/p><\/blockquote><\/figure>\n\n\n\n<div class=\"wp-block-columns is-layout-flex wp-container-core-columns-is-layout-f732cb08 wp-block-columns-is-layout-flex\" style=\"margin-top:0;margin-bottom:0\">\n<div class=\"wp-block-column is-layout-flow wp-block-column-is-layout-flow\">\n<figure class=\"wp-block-image aligncenter size-full is-resized\"><img decoding=\"async\" width=\"200\" height=\"300\" src=\"https:\/\/neomade.fr\/wp-content\/uploads\/2025\/04\/Yslem.jpg\" alt=\"\" class=\"wp-image-122\" style=\"width:222px;height:auto\"\/><\/figure>\n\n\n\n<p class=\"has-text-align-center has-content-heading-font-size\"><strong>Yslem HALIMI<\/strong><\/p>\n\n\n\n<p class=\"has-text-align-center\"><em><strong>Diplom\u00e9e en <\/strong><em><strong>architecture<\/strong><\/em><\/em><\/p>\n\n\n\n<p class=\"has-text-align-center\"><em><strong> <\/strong><\/em><\/p>\n\n\n\n<p class=\"has-text-align-center\"><\/p>\n\n\n\n<p><\/p>\n<\/div>\n\n\n\n<div class=\"wp-block-column is-layout-flow wp-block-column-is-layout-flow\">\n<figure class=\"wp-block-image aligncenter size-full is-resized\"><img loading=\"lazy\" decoding=\"async\" width=\"200\" height=\"300\" src=\"https:\/\/neomade.fr\/wp-content\/uploads\/2025\/04\/charles.jpg\" alt=\"\" class=\"wp-image-123\" style=\"width:220px;height:auto\"\/><\/figure>\n\n\n\n<p class=\"has-text-align-center has-content-heading-font-size\"><strong>Charles JOUAN<\/strong><\/p>\n\n\n\n<p class=\"has-text-align-center\"><em><strong>Directeur technique<\/strong>                 du P\u00f4le Travaux<\/em><\/p>\n\n\n\n<p><\/p>\n<\/div>\n\n\n\n<div class=\"wp-block-column is-layout-flow wp-block-column-is-layout-flow\">\n<figure class=\"wp-block-image aligncenter size-full is-resized\"><img loading=\"lazy\" decoding=\"async\" width=\"200\" height=\"300\" src=\"https:\/\/neomade.fr\/wp-content\/uploads\/2025\/04\/tiff.jpg\" alt=\"\" class=\"wp-image-124\" style=\"width:222px;height:auto\"\/><\/figure>\n\n\n\n<p class=\"has-text-align-center has-content-heading-font-size\"><strong>Tiffany POUPINAIS<\/strong><\/p>\n\n\n\n<p class=\"has-text-align-center\"><em><strong>Responsable Comptable<\/strong><\/em><\/p>\n\n\n\n<p><\/p>\n<\/div>\n<\/div>\n\n\n\n<p><\/p>\n\n\n\n<p><\/p>\n\n\n\n<p><\/p>\n","protected":false},"excerpt":{"rendered":"<p>Antoine Boull\u00e9 Associ\u00e9 et g\u00e9rant de Neomade Porteur d&rsquo;affaires Antoine Boull\u00e9 est le porteur d&rsquo;affaire de Neomade gr\u00e2ce \u00e0 son influence dans le secteur de l&rsquo;entreprenariat rennais. Il est aussi un partenaire de travail et apporte un soutien juridique, technique et financier avec son groupe Dunamis Hospitality dont il est le fondateur et Pr\u00e9sident. Avec [&hellip;]<\/p>\n","protected":false},"author":1,"featured_media":0,"parent":0,"menu_order":0,"comment_status":"closed","ping_status":"closed","template":"","meta":{"footnotes":""},"class_list":["post-18","page","type-page","status-publish","hentry"],"_links":{"self":[{"href":"https:\/\/neomade.fr\/index.php\/wp-json\/wp\/v2\/pages\/18","targetHints":{"allow":["GET"]}}],"collection":[{"href":"https:\/\/neomade.fr\/index.php\/wp-json\/wp\/v2\/pages"}],"about":[{"href":"https:\/\/neomade.fr\/index.php\/wp-json\/wp\/v2\/types\/page"}],"author":[{"embeddable":true,"href":"https:\/\/neomade.fr\/index.php\/wp-json\/wp\/v2\/users\/1"}],"replies":[{"embeddable":true,"href":"https:\/\/neomade.fr\/index.php\/wp-json\/wp\/v2\/comments?post=18"}],"version-history":[{"count":6,"href":"https:\/\/neomade.fr\/index.php\/wp-json\/wp\/v2\/pages\/18\/revisions"}],"predecessor-version":[{"id":147,"href":"https:\/\/neomade.fr\/index.php\/wp-json\/wp\/v2\/pages\/18\/revisions\/147"}],"wp:attachment":[{"href":"https:\/\/neomade.fr\/index.php\/wp-json\/wp\/v2\/media?parent=18"}],"curies":[{"name":"wp","href":"https:\/\/api.w.org\/{rel}","templated":true}]}}